{"id":877,"date":"2020-04-16T11:31:01","date_gmt":"2020-04-16T09:31:01","guid":{"rendered":"http:\/\/testbymiana.7sense.ch\/?page_id=877"},"modified":"2023-05-28T12:52:47","modified_gmt":"2023-05-28T10:52:47","slug":"agb","status":"publish","type":"page","link":"https:\/\/7sense.ch\/en\/agb\/","title":{"rendered":"AGB"},"content":{"rendered":"<div data-elementor-type=\"wp-page\" data-elementor-id=\"877\" class=\"elementor elementor-877\" data-elementor-settings=\"[]\">\n\t\t\t\t\t\t<div class=\"elementor-inner\">\n\t\t\t\t\t\t\t<div class=\"elementor-section-wrap\">\n\t\t\t\t\t\t\t<section class=\"elementor-section elementor-top-section elementor-element elementor-element-0b92a7c elementor-section-stretched elementor-section-height-min-height elementor-section-boxed elementor-section-height-default elementor-section-items-middle\" data-id=\"0b92a7c\" data-element_type=\"section\" data-settings=\"{&quot;stretch_section&quot;:&quot;section-stretched&quot;,&quot;background_background&quot;:&quot;classic&quot;}\">\n\t\t\t\t\t\t<div class=\"elementor-container elementor-column-gap-default\">\n\t\t\t\t\t\t\t<div class=\"elementor-row\">\n\t\t\t\t\t<div class=\"elementor-column elementor-col-100 elementor-top-column elementor-element elementor-element-5e45451\" data-id=\"5e45451\" data-element_type=\"column\">\n\t\t\t<div class=\"elementor-column-wrap\">\n\t\t\t\t\t\t\t<div class=\"elementor-widget-wrap\">\n\t\t\t\t\t\t\t\t<\/div>\n\t\t\t\t\t<\/div>\n\t\t<\/div>\n\t\t\t\t\t\t\t\t<\/div>\n\t\t\t\t\t<\/div>\n\t\t<\/section>\n\t\t\t\t<section class=\"elementor-section elementor-top-section elementor-element elementor-element-f019949 elementor-section-stretched elementor-section-boxed elementor-section-height-default elementor-section-height-default\" data-id=\"f019949\" data-element_type=\"section\" data-settings=\"{&quot;stretch_section&quot;:&quot;section-stretched&quot;}\">\n\t\t\t\t\t\t<div class=\"elementor-container elementor-column-gap-default\">\n\t\t\t\t\t\t\t<div class=\"elementor-row\">\n\t\t\t\t\t<div class=\"elementor-column elementor-col-100 elementor-top-column elementor-element elementor-element-70ba32a\" data-id=\"70ba32a\" data-element_type=\"column\">\n\t\t\t<div class=\"elementor-column-wrap elementor-element-populated\">\n\t\t\t\t\t\t\t<div class=\"elementor-widget-wrap\">\n\t\t\t\t\t\t<div class=\"elementor-element elementor-element-db87c31 elementor-widget elementor-widget-heading\" data-id=\"db87c31\" data-element_type=\"widget\" data-widget_type=\"heading.default\">\n\t\t\t\t<div class=\"elementor-widget-container\">\n\t\t\t<h2 class=\"elementor-heading-title elementor-size-default\">ALLGEMEINE BESTIMMUNGEN<\/h2>\t\t<\/div>\n\t\t\t\t<\/div>\n\t\t\t\t<div class=\"elementor-element elementor-element-99c3cc3 elementor-widget elementor-widget-text-editor\" data-id=\"99c3cc3\" data-element_type=\"widget\" data-widget_type=\"text-editor.default\">\n\t\t\t\t<div class=\"elementor-widget-container\">\n\t\t\t\t\t\t\t\t<div class=\"elementor-text-editor elementor-clearfix\">\n\t\t\t\t<p><strong>1. Allgemeines<\/strong><br>Die Gesch\u00e4ftsbedingungen gelten f\u00fcr geleistete Dienstleistungen und den Kauf von Produkten in der 7 Sense GmbH.<\/p>\n<p><strong>2. Absagen oder Nichterscheinen<\/strong><br>Bei kurzfristigen Stornierungen innerhalb von 24 Stunden vor dem Behandlungstermin oder bei Nichterscheinen werden wir Ihnen den kompletten Betrag der gebuchten Dienstleistung in Rechnung stellen, mit einer Zahlungsfrist von 10 Tagen.<br>Im Falle eines Zahlungsverzugs behalten wir uns das Recht vor, Mahngeb\u00fchren gem\u00e4ss den gesetzlichen Bestimmungen zu erheben. Sollten wir gezwungen sein, ein Inkassoverfahren einzuleiten, gehen alle damit verbundenen Kosten zu Lasten des Kunden. Der Kunde verpflichtet sich, s\u00e4mtliche Mahn- und Inkassokosten zu erstatten, einschliesslich Anwaltskosten und Gerichtsgeb\u00fchren. Wir sind berechtigt, die Zahlung aller ausstehenden Betr\u00e4ge einzufordern. Wir bitten unsere Kunden, ihre Zahlungen rechtzeitig zu leisten, um zus\u00e4tzliche Kosten und Unannehmlichkeiten zu vermeiden.<\/p>\n<p><strong>3. Versp\u00e4tungen<\/strong><br>Bitte haben Sie Verst\u00e4ndnis, dass wir Kunden, die mit mehr als 10 Minuten Versp\u00e4tung kommen, je nach Auftragsvolumen nicht mehr bedienen k\u00f6nnen.<\/p>\n<p><strong>4. Gutscheine<\/strong><br>Gutscheine, welche Kunden von 7 Sense GmbH geschenkt worden sind, haben eine G\u00fcltigkeit von 3 Monaten, wenn nicht anders vermerkt.<br>Promotionsgutscheine sind ab Ausstellungsdatum 1 Jahr g\u00fcltig und sind \u00fcbertragbar. Eine Auszahlung in bar ist nicht m\u00f6glich.<\/p>\n<p><strong>5. Aktionen\/Angebote<\/strong><br>Aktionen und Promotionen sind nicht kumulierbar. Gewisse Angebote sind nur online buchbar und zeitlich beschr\u00e4nkt.<\/p>\n<p><strong>6. Reklamationen oder M\u00e4ngel<\/strong><br>Reklamationen oder M\u00e4ngel m\u00fcssen sofort oder innert 24 Stunden pers\u00f6nlich im Salon vorgebracht werden. M\u00e4ngel oder Reklamationen werden in Form der get\u00e4tigten Dienstleistung behoben. Eine Entsch\u00e4digung in bar ist ausgeschlossen.<\/p>\n<p><strong>7. Keine Garantie f\u00fcr selbst geschnittene und\/oder selbst gef\u00e4rbte Haare<\/strong><br>Wir m\u00f6chten darauf hinweisen, dass wir keine Garantie f\u00fcr den Korrektur-Service von selbst geschnittenen und\/oder selbst gef\u00e4rbten Haaren \u00fcbernehmen. Selbstgeschnittene oder selbst gef\u00e4rbte Haare bringen spezifische Herausforderungen mit sich, die das gew\u00fcnschte Endergebnis beeinflussen. In solchen F\u00e4llen \u00fcbernehmen wir keine Verantwortung f\u00fcr etwaige unerw\u00fcnschte oder unzureichende Ergebnisse. Unsere Stylisten sind erfahren und qualifiziert, um Ihnen bei Ihren Frisurw\u00fcnschen zu helfen, jedoch liegt die Verantwortung f\u00fcr die Ausgangsbasis der Haare beim Kunden.<\/p>\n<p><strong>8. Keine Haftung f\u00fcr Fahrzeuge auf dem Parkplatz<\/strong><br>Haftungsausschluss: Das Unternehmen \u00fcbernimmt keine Haftung f\u00fcr Sch\u00e4den, Diebst\u00e4hle, Vandalismus oder andere Vorf\u00e4lle, die auf dem Parkplatz auftreten k\u00f6nnten. Das Abstellen der Fahrzeuge auf dem Parkplatz erfolgt ausschlie\u00dflich auf eigenes Risiko des Fahrzeughalters.<\/p>\t\t\t\t\t<\/div>\n\t\t\t\t\t\t<\/div>\n\t\t\t\t<\/div>\n\t\t\t\t\t\t<\/div>\n\t\t\t\t\t<\/div>\n\t\t<\/div>\n\t\t\t\t\t\t\t\t<\/div>\n\t\t\t\t\t<\/div>\n\t\t<\/section>\n\t\t\t\t\t\t<\/div>\n\t\t\t\t\t\t<\/div>\n\t\t\t\t\t<\/div>","protected":false},"excerpt":{"rendered":"<p>ALLGEMEINE BESTIMMUNGEN 1. AllgemeinesDie Gesch\u00e4ftsbedingungen gelten f\u00fcr geleistete Dienstleistungen und den Kauf von Produkten in der 7 Sense GmbH. 2. Absagen oder NichterscheinenBei kurzfristigen Stornierungen innerhalb von 24 Stunden vor dem Behandlungstermin oder bei Nichterscheinen werden wir Ihnen den kompletten Betrag der gebuchten Dienstleistung in Rechnung stellen, mit einer Zahlungsfrist von 10 Tagen.Im Falle eines [&hellip;]<\/p>","protected":false},"author":5,"featured_media":0,"parent":0,"menu_order":0,"comment_status":"closed","ping_status":"closed","template":"","meta":[],"_links":{"self":[{"href":"https:\/\/7sense.ch\/en\/wp-json\/wp\/v2\/pages\/877"}],"collection":[{"href":"https:\/\/7sense.ch\/en\/wp-json\/wp\/v2\/pages"}],"about":[{"href":"https:\/\/7sense.ch\/en\/wp-json\/wp\/v2\/types\/page"}],"author":[{"embeddable":true,"href":"https:\/\/7sense.ch\/en\/wp-json\/wp\/v2\/users\/5"}],"replies":[{"embeddable":true,"href":"https:\/\/7sense.ch\/en\/wp-json\/wp\/v2\/comments?post=877"}],"version-history":[{"count":14,"href":"https:\/\/7sense.ch\/en\/wp-json\/wp\/v2\/pages\/877\/revisions"}],"predecessor-version":[{"id":1811,"href":"https:\/\/7sense.ch\/en\/wp-json\/wp\/v2\/pages\/877\/revisions\/1811"}],"wp:attachment":[{"href":"https:\/\/7sense.ch\/en\/wp-json\/wp\/v2\/media?parent=877"}],"curies":[{"name":"wp","href":"https:\/\/api.w.org\/{rel}","templated":true}]}}